{"id":3,"date":"2020-12-10T11:01:46","date_gmt":"2020-12-10T11:01:46","guid":{"rendered":"https:\/\/ems.aero\/?page_id=3"},"modified":"2021-09-21T20:49:22","modified_gmt":"2021-09-21T20:49:22","slug":"gdpr","status":"publish","type":"page","link":"https:\/\/ems.aero\/index.php\/gdpr\/","title":{"rendered":"GDPR"},"content":{"rendered":"\t\t<div data-elementor-type=\"wp-page\" data-elementor-id=\"3\" class=\"elementor elementor-3\" data-elementor-post-type=\"page\">\n\t\t\t\t\t\t<section class=\"elementor-section elementor-top-section elementor-element elementor-element-735eebf1 elementor-section-boxed elementor-section-height-default elementor-section-height-default\" data-id=\"735eebf1\" data-element_type=\"section\" data-e-type=\"section\">\n\t\t\t\t\t\t<div class=\"elementor-container elementor-column-gap-default\">\n\t\t\t\t\t<div class=\"elementor-column elementor-col-100 elementor-top-column elementor-element elementor-element-43473ae\" data-id=\"43473ae\" data-element_type=\"column\" data-e-type=\"column\">\n\t\t\t<div class=\"elementor-widget-wrap elementor-element-populated\">\n\t\t\t\t\t\t<div class=\"elementor-element elementor-element-7c202718 elementor-widget elementor-widget-text-editor\" data-id=\"7c202718\" data-element_type=\"widget\" data-e-type=\"widget\" data-widget_type=\"text-editor.default\">\n\t\t\t\t<div class=\"elementor-widget-container\">\n\t\t\t\t\t\t\t\t\t\n<h2 class=\"p1 wp-block-heading\">Data protection policy<\/h2>\n<h3 class=\"p3\">We protect your personal data<\/h3>\n<p class=\"p4\">It is important to us that you feel safe with how we handle your personal data. We take measures to ensure that your personal data is protected and that the processing of your personal data is carried out in accordance with applicable data protection regulations and our internal polices and procedures.<\/p>\n<p class=\"p4\">European Maintenance Service AB, ORG No: 556215-7254 (the Company) is the data con\u00adtroller in relation to the processing of your personal data, unless otherwise is stated.<\/p>\n<p class=\"p4\">On this page we describe how we collect, process and share the personal data that we store. Personal data means any information which may be used to identify an individual.<\/p>\n<h3 class=\"p3\">Where we process personal data<\/h3>\n<p class=\"p4\">We always strive to store and process personal data within the EU. However, some of our service providers are located outside the EU and in such a case personal data will be processed outside the EU\/EEA. In order to ensure that the personal data is protected we make sure that appropriate safeguards are in place in relation to the service providers which handles your personal outside the EU\/EEA, e.g. by way of data transfer agreements (which include standard data protection clauses adopted by the EU Commission). If you have questions regarding to which countries your personal data is transferred and which safeguards we take to protect your personal data, or to request a copy of such safeguards and information, respectively, where they are available, please contact us at <a href=\"mailto:gdpr@ems.aero\">gdpr@ems.aero<\/a>.<\/p>\n<h3 class=\"p3\">We can update this information<\/h3>\n<p class=\"p4\">We may occasionally update this information, e.g. if we would process personal data for new pur\u00adposes, collect additional categories of personal data or share personal data with other recipients. In such a case.\u00a0<\/p>\n<p class=\"p5\">we will notify you in an appropriate way. The latest version of the information is always published on this page.<\/p>\n<h3 class=\"p3\">Your rights<\/h3>\n<p class=\"p4\">Under data protection regulations you have certain rights in relation to the processing of your personal data. We process your personal data to the extent necessary in order to fulfill your rights. Please con\u00adtact us at <a href=\"mailto:gdpr@ems.aero\">gdpr@ems.aero<\/a> if you wish to exercise your rights.<\/p>\n<p class=\"p4\">You have the right to:<\/p>\n<h5 class=\"p4\"><b>Access your personal data<\/b><\/h5>\n<p class=\"p4\">You have the right to request a confirmation from us as to whether we process personal data concern\u00ading you and in such a case request access to the personal data that we process about you.<\/p>\n<p class=\"p4\"><b>Update your personal data<\/b><\/p>\n<p class=\"p4\">Furthermore, you have the right to request that incorrect or incomplete personal data is corrected or completed.<\/p>\n<p class=\"p4\"><b>Withdraw consent<\/b><\/p>\n<p class=\"p4\">To the extent we rely on your consent to process personal data you have the right to at any time with\u00addraw your consent.<\/p>\n<p class=\"p4\"><b>Object to the processing of personal data<\/b><\/p>\n<p class=\"p4\">You have the right to object to the processing of your personal data based on a legitimate interest for reasons which concerns your particular situation. In such a situation, we will stop using your personal data where the processing is based on a legitimate interest, unless we can show that the interest over\u00adrides your privacy interest or that the use of your personal data is necessary in order to manage or defend legal claims.<\/p>\n<p class=\"p4\"><b>Delete your personal data<\/b><\/p>\n<p class=\"p4\">Under certain circumstances you have the right to request that your personal data is deleted. However, we cannot delete your personal data if we for example are obligated under law to keep the data.<\/p>\n<p class=\"p4\"><b>Restrict the use of your personal data<\/b><\/p>\n<p class=\"p4\">You have the right under certain circumstances to request that the processing of your personal data is restricted. If the processing of your personal data has been restricted we may only, besides storing the data, process your personal data with your consent, in order to establish, exercise or defend legal claims or to defend rights of others.<\/p>\n<p class=\"p4\"><b>Transfer your personal data (data portability)<\/b><\/p>\n<p class=\"p4\">Finally, you have the right to request a copy of the personal data that we store about you in a struc\u00adtured, commonly used and machine-readable format (data portability). The right to data portability, compared to the right to access, only comprises such personal data you yourself have provided and which we process based on certain legal grounds, e.g. your consent.<\/p>\n<p class=\"p5\">\u00a0<\/p>\n<h3 class=\"p3\">Contact<\/h3>\n<p class=\"p4\">If you have any questions regarding the processing of your personal data, please do not hesitate to contact us. See below for contact details. If you are not satisfied with our response, you have the right to lodge a complaint with the supervisory authority (the Data Inspection Board).<\/p>\n<p class=\"p4\"><strong>European Maintenance Service AB<\/strong><br \/>Org no: SE556215-7254<br \/>Hangarv\u00e4gen 6A<br \/>438 70 Landvetter<\/p>\n<p class=\"p4\">E-mail:\u00a0<a href=\"mailto:gdpr@ems.aero\">gdpr@ems.aero<\/a><\/p>\n<h3 class=\"p3\">In Swedish<\/h3>\n<h5 class=\"p4\"><b>Vi skyddar dina personuppgifter<\/b><\/h5>\n<p class=\"p4\">Det \u00e4r viktigt f\u00f6r oss att du ska k\u00e4nna dig trygg med hur vi hanterar dina personuppgifter. Vi vidtar \u00e5tg\u00e4rder f\u00f6r att s\u00e4kerst\u00e4lla att dina uppgifter \u00e4r skyddade och att behandlingen sker i enlig\u00adhet med g\u00e4l\u00adlande dataskyddsregler och v\u00e5ra interna riktlinjer och rutiner.<\/p>\n<p class=\"p4\">European Maintenance Service AB, org nr SE556215725401\u00a0(Bolaget) \u00e4r personuppgiftsansvarig f\u00f6r be\u00adhandlingen av dina personuppgifter, om inget annat anges.<\/p>\n<p class=\"p5\">P\u00e5 denna sida beskriver vi hur vi samlar in, behandlar och delar med oss av de personuppgifter som vi sparar hos oss. Med personuppgifter avses all information som kan anv\u00e4ndas f\u00f6r att identifiera en en\u00adskild person.<\/p>\n<h5 class=\"p4\"><b>Var vi behandlar personuppgifter<\/b><\/h5>\n<p class=\"p4\">Vi str\u00e4var alltid efter att spara personuppgifter inom EU. Vissa av v\u00e5ra tj\u00e4nsteleverant\u00f6rer finns dock utanf\u00f6r EU och i dessa fall behandlas personuppgifter utanf\u00f6r EU\/EES-omr\u00e5det. F\u00f6r att s\u00e4kerst\u00e4lla att personuppgifterna \u00e4r skyddade ser vi till att det finns l\u00e4mpliga skydds\u00e5tg\u00e4rder p\u00e5 plats med samtliga tj\u00e4nsteleverant\u00f6rer som hanterar dina personuppgifter utanf\u00f6r EU\/EES-omr\u00e5det, t.ex. data\u00f6verf\u00f6rings\u00adavtal (som inkluderar EU-kommissionens standardiserade dataskyddsbest\u00e4mmel\u00adser, s.k. modellklau\u00adsuler). Fr\u00e5n och med den 25 maj 2018 har du r\u00e4tt att, p\u00e5 beg\u00e4ran, f\u00e5 information om till vilka l\u00e4nder utanf\u00f6r EU\/EES-omr\u00e5det som dina personuppgifter \u00f6verf\u00f6rs och vilka skydds\u00e5t\u00adg\u00e4rder som vi har vidtagit.<\/p>\n<h5 class=\"p4\"><b>Vi kan uppdatera denna information<\/b><\/h5>\n<p class=\"p4\">Vi kan komma att uppdatera denna informationstext, t.ex. om vi skulle behandla uppgifter f\u00f6r nya \u00e4ndam\u00e5l, samla in ytterligare uppgifter eller dela uppgifter med andra mottagare I s\u00e5dant fall kommer vi att meddela dig p\u00e5 l\u00e4mpligt s\u00e4tt. Den senaste versionen av informationen finns alltid publi\u00adcerad p\u00e5 denna sida.<\/p>\n<ul class=\"ul1\">\n<li class=\"li7\"><span class=\"s1\">Kategori av registrerad:\u00a0<a href=\"http:\/\/emsweb\/PageFiles\/323\/WEB_GDPR_Leverant%c3%b6rer_EMS.pdf\">Leverant\u00f6r,<\/a>\u00a0<a href=\"http:\/\/emsweb\/PageFiles\/323\/WEB_GDPR_Anvandare_EMS.pdf\">Anv\u00e4ndare<\/a><\/span><\/li>\n<li class=\"li7\"><a href=\"http:\/\/emsweb\/PageFiles\/323\/WEB_GDPR_Rattigheter_EMS.pdf\"><span class=\"s1\">R\u00e4ttigheter<\/span><\/a><\/li>\n<\/ul>\n<p class=\"p4\">Dataskyddslagstiftningen ger dig ett antal r\u00e4ttigheter i f\u00f6rh\u00e5llande till behandlingen av dina person\u00aduppgifter. Exempelvis har du r\u00e4tt att f\u00e5 ett registerutdrag med dina personuppgifter och f\u00e5 felaktiga uppgifter r\u00e4ttade. Vissa r\u00e4ttigheter, t.ex. r\u00e4tten till dataportabilitet, g\u00e4ller f\u00f6rst fr\u00e5n och med den 25 maj 2018. Vi behandlar dina personuppgifter i den utstr\u00e4ckning det \u00e4r n\u00f6dv\u00e4ndigt f\u00f6r att uppfylla dina r\u00e4ttig\u00adheter.<\/p>\n<h5 class=\"p4\"><b>Kontaktuppgifter<\/b><\/h5>\n<p class=\"p4\">Om du har fr\u00e5gor hur vi behandlar dina personuppgifter \u00e4r du v\u00e4lkommen att v\u00e4nda dig till European Maintenance Service AB.<\/p>\n<p class=\"p4\">Du kan mejla till kontaktpersonen p\u00e5 adressen\u00a0<a href=\"mailto:GDPR@ems.aero\">GDPR@ems.aero<\/a><\/p>\n<p class=\"p4\">eller skriva ett brev till<\/p>\n<p class=\"p4\"><strong>European Maintenance Service AB<\/strong><br \/>Hangarv\u00e4gen 6A<br \/>SE-438 70 LANDVETTER<\/p>\n<p class=\"p4\">Om du inte \u00e4r n\u00f6jd med det svar du har f\u00e5tt har du r\u00e4tt att l\u00e4mna in klagom\u00e5l till tillsynsmyndigheten (Datainspektionen).\u00a0<\/p>\n<h3 class=\"p3\">We use cookies<\/h3>\n<p class=\"p4\"><b>A cookie is a small text file that is saved on your computer when you visit a website that uses cookies. Cookies do not provide access to your computer or any information that is stored there. This website uses first-party cookies from Google Analytics to collect information about how the website is used, which web browser is used and how the visitor has found the site. No personal data is saved. The information that is collected is used to develop the website.<\/b><\/p>\n<p class=\"p4\">You can choose to accept cookies or not. Most web browsers accept cookies, but you can change your settings to avoid cookies if you wish. This may prevent you from fully utilising the website. Information about how to do this is to be found in the web browser\u2019s help function.<\/p>\n<p class=\"p4\"><b>Internet advertising we use<br \/><\/b>We use third-party cookies from Google AdWords Remarketing. AdWords remarketing displays tailored advertisements based on the pages you have visited. THIS COOKIE DOES NOT REVEAL YOUR IDENTITY OR PROVIDE ACCESS TO YOUR COMPUTER. The cookie is used to say \u201dThis person visited this page, so show advertisements related to it\u201d. Google AdWords Remarketing allows us to tailor our advertising to better fit your needs and to only show advertisements that are relevant to you.<\/p>\n<p class=\"p4\"><b>How to opt out of remarketing and advertising<\/b><br \/>If you do not want to participate in our Google AdWords Remarketing, you can opt out of it by visiting the page:\u00a0<a href=\"https:\/\/www.google.com\/settings\/ads\/plugin\">https:\/\/www.google.com\/settings\/ads\/plugin<\/a>\u00a0or downloading the following plugin:\u00a0<a href=\"https:\/\/tools.google.com\/dlpage\/gaoptout\">https:\/\/tools.google.com\/dlpage\/gaoptout<\/a><\/p>\n\t\t\t\t\t\t\t\t<\/div>\n\t\t\t\t<\/div>\n\t\t\t\t\t<\/div>\n\t\t<\/div>\n\t\t\t\t\t<\/div>\n\t\t<\/section>\n\t\t\t\t<\/div>\n\t\t","protected":false},"excerpt":{"rendered":"<p>Data protection policy We protect your personal data It is important to us that you feel safe with how we handle your personal data. We take measures to ensure that your personal data is protected and that the processing of your personal data is carried out in accordance with applicable data protection regulations and our [&hellip;]<\/p>\n","protected":false},"author":2,"featured_media":0,"parent":0,"menu_order":0,"comment_status":"closed","ping_status":"closed","template":"","meta":{"footnotes":""},"class_list":["post-3","page","type-page","status-publish","hentry","entry"],"yoast_head":"<!-- This site is optimized with the Yoast SEO plugin v26.6 - https:\/\/yoast.com\/wordpress\/plugins\/seo\/ -->\n<title>GDPR - European Maintenance Service<\/title>\n<meta name=\"robots\" content=\"index, follow, max-snippet:-1, max-image-preview:large, max-video-preview:-1\" \/>\n<link rel=\"canonical\" href=\"https:\/\/ems.aero\/index.php\/gdpr\/\" \/>\n<meta property=\"og:locale\" content=\"sv_SE\" \/>\n<meta property=\"og:type\" content=\"article\" \/>\n<meta property=\"og:title\" content=\"GDPR - European Maintenance Service\" \/>\n<meta property=\"og:description\" content=\"Data protection policy We protect your personal data It is important to us that you feel safe with how we handle your personal data. We take measures to ensure that your personal data is protected and that the processing of your personal data is carried out in accordance with applicable data protection regulations and our [&hellip;]\" \/>\n<meta property=\"og:url\" content=\"https:\/\/ems.aero\/index.php\/gdpr\/\" \/>\n<meta property=\"og:site_name\" content=\"European Maintenance Service\" \/>\n<meta property=\"article:modified_time\" content=\"2021-09-21T20:49:22+00:00\" \/>\n<meta name=\"twitter:card\" content=\"summary_large_image\" \/>\n<meta name=\"twitter:label1\" content=\"Ber\u00e4knad l\u00e4stid\" \/>\n\t<meta name=\"twitter:data1\" content=\"7 minuter\" \/>\n<script type=\"application\/ld+json\" class=\"yoast-schema-graph\">{\"@context\":\"https:\/\/schema.org\",\"@graph\":[{\"@type\":\"WebPage\",\"@id\":\"https:\/\/ems.aero\/index.php\/gdpr\/\",\"url\":\"https:\/\/ems.aero\/index.php\/gdpr\/\",\"name\":\"GDPR - European Maintenance Service\",\"isPartOf\":{\"@id\":\"https:\/\/ems.aero\/#website\"},\"datePublished\":\"2020-12-10T11:01:46+00:00\",\"dateModified\":\"2021-09-21T20:49:22+00:00\",\"breadcrumb\":{\"@id\":\"https:\/\/ems.aero\/index.php\/gdpr\/#breadcrumb\"},\"inLanguage\":\"sv-SE\",\"potentialAction\":[{\"@type\":\"ReadAction\",\"target\":[\"https:\/\/ems.aero\/index.php\/gdpr\/\"]}]},{\"@type\":\"BreadcrumbList\",\"@id\":\"https:\/\/ems.aero\/index.php\/gdpr\/#breadcrumb\",\"itemListElement\":[{\"@type\":\"ListItem\",\"position\":1,\"name\":\"Home\",\"item\":\"https:\/\/ems.aero\/\"},{\"@type\":\"ListItem\",\"position\":2,\"name\":\"GDPR\"}]},{\"@type\":\"WebSite\",\"@id\":\"https:\/\/ems.aero\/#website\",\"url\":\"https:\/\/ems.aero\/\",\"name\":\"European Maintenance Service\",\"description\":\"\",\"publisher\":{\"@id\":\"https:\/\/ems.aero\/#organization\"},\"potentialAction\":[{\"@type\":\"SearchAction\",\"target\":{\"@type\":\"EntryPoint\",\"urlTemplate\":\"https:\/\/ems.aero\/?s={search_term_string}\"},\"query-input\":{\"@type\":\"PropertyValueSpecification\",\"valueRequired\":true,\"valueName\":\"search_term_string\"}}],\"inLanguage\":\"sv-SE\"},{\"@type\":\"Organization\",\"@id\":\"https:\/\/ems.aero\/#organization\",\"name\":\"European Maintenance Service\",\"url\":\"https:\/\/ems.aero\/\",\"logo\":{\"@type\":\"ImageObject\",\"inLanguage\":\"sv-SE\",\"@id\":\"https:\/\/ems.aero\/#\/schema\/logo\/image\/\",\"url\":\"https:\/\/ems.aero\/wp-content\/uploads\/2021\/04\/EMS_LOGO_SMALL.png\",\"contentUrl\":\"https:\/\/ems.aero\/wp-content\/uploads\/2021\/04\/EMS_LOGO_SMALL.png\",\"width\":2499,\"height\":738,\"caption\":\"European Maintenance Service\"},\"image\":{\"@id\":\"https:\/\/ems.aero\/#\/schema\/logo\/image\/\"}}]}<\/script>\n<!-- \/ Yoast SEO plugin. -->","yoast_head_json":{"title":"GDPR - European Maintenance Service","robots":{"index":"index","follow":"follow","max-snippet":"max-snippet:-1","max-image-preview":"max-image-preview:large","max-video-preview":"max-video-preview:-1"},"canonical":"https:\/\/ems.aero\/index.php\/gdpr\/","og_locale":"sv_SE","og_type":"article","og_title":"GDPR - European Maintenance Service","og_description":"Data protection policy We protect your personal data It is important to us that you feel safe with how we handle your personal data. We take measures to ensure that your personal data is protected and that the processing of your personal data is carried out in accordance with applicable data protection regulations and our [&hellip;]","og_url":"https:\/\/ems.aero\/index.php\/gdpr\/","og_site_name":"European Maintenance Service","article_modified_time":"2021-09-21T20:49:22+00:00","twitter_card":"summary_large_image","twitter_misc":{"Ber\u00e4knad l\u00e4stid":"7 minuter"},"schema":{"@context":"https:\/\/schema.org","@graph":[{"@type":"WebPage","@id":"https:\/\/ems.aero\/index.php\/gdpr\/","url":"https:\/\/ems.aero\/index.php\/gdpr\/","name":"GDPR - European Maintenance Service","isPartOf":{"@id":"https:\/\/ems.aero\/#website"},"datePublished":"2020-12-10T11:01:46+00:00","dateModified":"2021-09-21T20:49:22+00:00","breadcrumb":{"@id":"https:\/\/ems.aero\/index.php\/gdpr\/#breadcrumb"},"inLanguage":"sv-SE","potentialAction":[{"@type":"ReadAction","target":["https:\/\/ems.aero\/index.php\/gdpr\/"]}]},{"@type":"BreadcrumbList","@id":"https:\/\/ems.aero\/index.php\/gdpr\/#breadcrumb","itemListElement":[{"@type":"ListItem","position":1,"name":"Home","item":"https:\/\/ems.aero\/"},{"@type":"ListItem","position":2,"name":"GDPR"}]},{"@type":"WebSite","@id":"https:\/\/ems.aero\/#website","url":"https:\/\/ems.aero\/","name":"European Maintenance Service","description":"","publisher":{"@id":"https:\/\/ems.aero\/#organization"},"potentialAction":[{"@type":"SearchAction","target":{"@type":"EntryPoint","urlTemplate":"https:\/\/ems.aero\/?s={search_term_string}"},"query-input":{"@type":"PropertyValueSpecification","valueRequired":true,"valueName":"search_term_string"}}],"inLanguage":"sv-SE"},{"@type":"Organization","@id":"https:\/\/ems.aero\/#organization","name":"European Maintenance Service","url":"https:\/\/ems.aero\/","logo":{"@type":"ImageObject","inLanguage":"sv-SE","@id":"https:\/\/ems.aero\/#\/schema\/logo\/image\/","url":"https:\/\/ems.aero\/wp-content\/uploads\/2021\/04\/EMS_LOGO_SMALL.png","contentUrl":"https:\/\/ems.aero\/wp-content\/uploads\/2021\/04\/EMS_LOGO_SMALL.png","width":2499,"height":738,"caption":"European Maintenance Service"},"image":{"@id":"https:\/\/ems.aero\/#\/schema\/logo\/image\/"}}]}},"_links":{"self":[{"href":"https:\/\/ems.aero\/index.php\/wp-json\/wp\/v2\/pages\/3","targetHints":{"allow":["GET"]}}],"collection":[{"href":"https:\/\/ems.aero\/index.php\/wp-json\/wp\/v2\/pages"}],"about":[{"href":"https:\/\/ems.aero\/index.php\/wp-json\/wp\/v2\/types\/page"}],"author":[{"embeddable":true,"href":"https:\/\/ems.aero\/index.php\/wp-json\/wp\/v2\/users\/2"}],"replies":[{"embeddable":true,"href":"https:\/\/ems.aero\/index.php\/wp-json\/wp\/v2\/comments?post=3"}],"version-history":[{"count":8,"href":"https:\/\/ems.aero\/index.php\/wp-json\/wp\/v2\/pages\/3\/revisions"}],"predecessor-version":[{"id":1442,"href":"https:\/\/ems.aero\/index.php\/wp-json\/wp\/v2\/pages\/3\/revisions\/1442"}],"wp:attachment":[{"href":"https:\/\/ems.aero\/index.php\/wp-json\/wp\/v2\/media?parent=3"}],"curies":[{"name":"wp","href":"https:\/\/api.w.org\/{rel}","templated":true}]}}