{"id":158,"date":"2021-04-06T19:52:40","date_gmt":"2021-04-06T19:52:40","guid":{"rendered":"https:\/\/ems.aero\/?page_id=158"},"modified":"2025-09-16T17:01:36","modified_gmt":"2025-09-16T17:01:36","slug":"approvals","status":"publish","type":"page","link":"https:\/\/ems.aero\/index.php\/approvals\/","title":{"rendered":"APPROVALS"},"content":{"rendered":"\t\t<div data-elementor-type=\"wp-page\" data-elementor-id=\"158\" class=\"elementor elementor-158\" data-elementor-post-type=\"page\">\n\t\t\t\t\t\t<section class=\"elementor-section elementor-top-section elementor-element elementor-element-0023027 elementor-section-full_width elementor-section-height-min-height elementor-section-stretched elementor-section-items-top elementor-section-height-default\" data-id=\"0023027\" data-element_type=\"section\" data-e-type=\"section\" data-settings=\"{&quot;stretch_section&quot;:&quot;section-stretched&quot;,&quot;background_background&quot;:&quot;classic&quot;}\">\n\t\t\t\t\t\t\t<div class=\"elementor-background-overlay\"><\/div>\n\t\t\t\t\t\t\t<div class=\"elementor-container elementor-column-gap-default\">\n\t\t\t\t\t<div class=\"elementor-column elementor-col-100 elementor-top-column elementor-element elementor-element-c23ed28\" data-id=\"c23ed28\" data-element_type=\"column\" data-e-type=\"column\">\n\t\t\t<div class=\"elementor-widget-wrap elementor-element-populated\">\n\t\t\t\t\t\t<div class=\"elementor-element elementor-element-4197fab elementor-widget__width-initial elementor-widget-mobile__width-initial elementor-widget elementor-widget-heading\" data-id=\"4197fab\" data-element_type=\"widget\" data-e-type=\"widget\" data-widget_type=\"heading.default\">\n\t\t\t\t<div class=\"elementor-widget-container\">\n\t\t\t\t\t<h2 class=\"elementor-heading-title elementor-size-default\">Approvals<\/h2>\t\t\t\t<\/div>\n\t\t\t\t<\/div>\n\t\t\t\t\t<\/div>\n\t\t<\/div>\n\t\t\t\t\t<\/div>\n\t\t<\/section>\n\t\t\t\t<section class=\"elementor-section elementor-top-section elementor-element elementor-element-f4b9afd elementor-section-boxed elementor-section-height-default elementor-section-height-default\" data-id=\"f4b9afd\" data-element_type=\"section\" data-e-type=\"section\" data-settings=\"{&quot;background_background&quot;:&quot;classic&quot;}\">\n\t\t\t\t\t\t<div class=\"elementor-container elementor-column-gap-default\">\n\t\t\t\t\t<div class=\"elementor-column elementor-col-100 elementor-top-column elementor-element elementor-element-8b9f557\" data-id=\"8b9f557\" data-element_type=\"column\" data-e-type=\"column\">\n\t\t\t<div class=\"elementor-widget-wrap elementor-element-populated\">\n\t\t\t\t\t\t<section class=\"elementor-section elementor-inner-section elementor-element elementor-element-b4202b9 elementor-section-boxed elementor-section-height-default elementor-section-height-default\" data-id=\"b4202b9\" data-element_type=\"section\" data-e-type=\"section\">\n\t\t\t\t\t\t<div class=\"elementor-container elementor-column-gap-default\">\n\t\t\t\t\t<div class=\"elementor-column elementor-col-33 elementor-inner-column elementor-element elementor-element-05457a7\" data-id=\"05457a7\" data-element_type=\"column\" data-e-type=\"column\" data-settings=\"{&quot;background_background&quot;:&quot;classic&quot;}\">\n\t\t\t<div class=\"elementor-widget-wrap elementor-element-populated\">\n\t\t\t\t\t<div class=\"elementor-background-overlay\"><\/div>\n\t\t\t\t\t\t<div class=\"elementor-element elementor-element-eb67823 elementor-widget elementor-widget-heading\" data-id=\"eb67823\" data-element_type=\"widget\" data-e-type=\"widget\" data-widget_type=\"heading.default\">\n\t\t\t\t<div class=\"elementor-widget-container\">\n\t\t\t\t\t<h3 class=\"elementor-heading-title elementor-size-default\">EMS Part 145 Approval <\/h3>\t\t\t\t<\/div>\n\t\t\t\t<\/div>\n\t\t\t\t<div class=\"elementor-element elementor-element-6ab590d elementor-align-center elementor-absolute elementor-widget__width-inherit elementor-widget elementor-widget-button\" data-id=\"6ab590d\" data-element_type=\"widget\" data-e-type=\"widget\" data-settings=\"{&quot;_position&quot;:&quot;absolute&quot;}\" data-widget_type=\"button.default\">\n\t\t\t\t<div class=\"elementor-widget-container\">\n\t\t\t\t\t\t\t\t\t<div class=\"elementor-button-wrapper\">\n\t\t\t\t\t<a class=\"elementor-button elementor-button-link elementor-size-xs\" href=\"https:\/\/ems.aero\/wp-content\/uploads\/2025\/05\/EMS-145-Approval-Rev-29.pdf\" target=\"_blank\">\n\t\t\t\t\t\t<span class=\"elementor-button-content-wrapper\">\n\t\t\t\t\t\t\t\t\t<span class=\"elementor-button-text\">download pdf<\/span>\n\t\t\t\t\t<\/span>\n\t\t\t\t\t<\/a>\n\t\t\t\t<\/div>\n\t\t\t\t\t\t\t\t<\/div>\n\t\t\t\t<\/div>\n\t\t\t\t\t<\/div>\n\t\t<\/div>\n\t\t\t\t<div class=\"elementor-column elementor-col-33 elementor-inner-column elementor-element elementor-element-2ad8e2e\" data-id=\"2ad8e2e\" data-element_type=\"column\" data-e-type=\"column\" data-settings=\"{&quot;background_background&quot;:&quot;classic&quot;}\">\n\t\t\t<div class=\"elementor-widget-wrap elementor-element-populated\">\n\t\t\t\t\t<div class=\"elementor-background-overlay\"><\/div>\n\t\t\t\t\t\t<div class=\"elementor-element elementor-element-792dec0 elementor-widget elementor-widget-heading\" data-id=\"792dec0\" data-element_type=\"widget\" data-e-type=\"widget\" data-widget_type=\"heading.default\">\n\t\t\t\t<div class=\"elementor-widget-container\">\n\t\t\t\t\t<h3 class=\"elementor-heading-title elementor-size-default\">EMS Capability List <\/h3>\t\t\t\t<\/div>\n\t\t\t\t<\/div>\n\t\t\t\t<div class=\"elementor-element elementor-element-50630c0 elementor-align-center elementor-absolute elementor-widget__width-inherit elementor-widget elementor-widget-button\" data-id=\"50630c0\" data-element_type=\"widget\" data-e-type=\"widget\" data-settings=\"{&quot;_position&quot;:&quot;absolute&quot;}\" data-widget_type=\"button.default\">\n\t\t\t\t<div class=\"elementor-widget-container\">\n\t\t\t\t\t\t\t\t\t<div class=\"elementor-button-wrapper\">\n\t\t\t\t\t<a class=\"elementor-button elementor-button-link elementor-size-xs\" href=\"https:\/\/ems.aero\/wp-content\/uploads\/2025\/09\/Capability-list-2024-Jul-11.pdf\" target=\"_blank\">\n\t\t\t\t\t\t<span class=\"elementor-button-content-wrapper\">\n\t\t\t\t\t\t\t\t\t<span class=\"elementor-button-text\">download pdf<\/span>\n\t\t\t\t\t<\/span>\n\t\t\t\t\t<\/a>\n\t\t\t\t<\/div>\n\t\t\t\t\t\t\t\t<\/div>\n\t\t\t\t<\/div>\n\t\t\t\t\t<\/div>\n\t\t<\/div>\n\t\t\t\t<div class=\"elementor-column elementor-col-33 elementor-inner-column elementor-element elementor-element-4137abe\" data-id=\"4137abe\" data-element_type=\"column\" data-e-type=\"column\" data-settings=\"{&quot;background_background&quot;:&quot;classic&quot;}\">\n\t\t\t<div class=\"elementor-widget-wrap elementor-element-populated\">\n\t\t\t\t\t<div class=\"elementor-background-overlay\"><\/div>\n\t\t\t\t\t\t<div class=\"elementor-element elementor-element-627b8f7 elementor-widget elementor-widget-heading\" data-id=\"627b8f7\" data-element_type=\"widget\" data-e-type=\"widget\" data-widget_type=\"heading.default\">\n\t\t\t\t<div class=\"elementor-widget-container\">\n\t\t\t\t\t<h3 class=\"elementor-heading-title elementor-size-default\">EMS Corporate commitments <\/h3>\t\t\t\t<\/div>\n\t\t\t\t<\/div>\n\t\t\t\t<div class=\"elementor-element elementor-element-0be1ea5 elementor-align-center elementor-absolute elementor-widget__width-inherit elementor-widget elementor-widget-button\" data-id=\"0be1ea5\" data-element_type=\"widget\" data-e-type=\"widget\" data-settings=\"{&quot;_position&quot;:&quot;absolute&quot;}\" data-widget_type=\"button.default\">\n\t\t\t\t<div class=\"elementor-widget-container\">\n\t\t\t\t\t\t\t\t\t<div class=\"elementor-button-wrapper\">\n\t\t\t\t\t<a class=\"elementor-button elementor-button-link elementor-size-xs\" href=\"https:\/\/ems.aero\/wp-content\/uploads\/2021\/05\/EMS_Corporate-Commitment_sv-en_20210520.pdf\" target=\"_blank\">\n\t\t\t\t\t\t<span class=\"elementor-button-content-wrapper\">\n\t\t\t\t\t\t\t\t\t<span class=\"elementor-button-text\">download pdf<\/span>\n\t\t\t\t\t<\/span>\n\t\t\t\t\t<\/a>\n\t\t\t\t<\/div>\n\t\t\t\t\t\t\t\t<\/div>\n\t\t\t\t<\/div>\n\t\t\t\t\t<\/div>\n\t\t<\/div>\n\t\t\t\t\t<\/div>\n\t\t<\/section>\n\t\t\t\t\t<\/div>\n\t\t<\/div>\n\t\t\t\t\t<\/div>\n\t\t<\/section>\n\t\t\t\t<section class=\"elementor-section elementor-top-section elementor-element elementor-element-9172c71 elementor-section-boxed elementor-section-height-default elementor-section-height-default\" data-id=\"9172c71\" data-element_type=\"section\" data-e-type=\"section\">\n\t\t\t\t\t\t<div class=\"elementor-container elementor-column-gap-default\">\n\t\t\t\t\t<div class=\"elementor-column elementor-col-50 elementor-top-column elementor-element elementor-element-b837d15\" data-id=\"b837d15\" data-element_type=\"column\" data-e-type=\"column\">\n\t\t\t<div class=\"elementor-widget-wrap elementor-element-populated\">\n\t\t\t\t\t\t<div class=\"elementor-element elementor-element-7a9e73b elementor-widget elementor-widget-image\" data-id=\"7a9e73b\" data-element_type=\"widget\" data-e-type=\"widget\" data-widget_type=\"image.default\">\n\t\t\t\t<div class=\"elementor-widget-container\">\n\t\t\t\t\t\t\t\t\t\t\t\t\t\t\t<img fetchpriority=\"high\" decoding=\"async\" width=\"400\" height=\"427\" src=\"https:\/\/ems.aero\/wp-content\/uploads\/2021\/05\/Textron-Service-Center.gif\" class=\"attachment-large size-large wp-image-1117\" alt=\"\" \/>\t\t\t\t\t\t\t\t\t\t\t\t\t\t\t<\/div>\n\t\t\t\t<\/div>\n\t\t\t\t\t<\/div>\n\t\t<\/div>\n\t\t\t\t<div class=\"elementor-column elementor-col-50 elementor-top-column elementor-element elementor-element-de47b6a\" data-id=\"de47b6a\" data-element_type=\"column\" data-e-type=\"column\">\n\t\t\t<div class=\"elementor-widget-wrap elementor-element-populated\">\n\t\t\t\t\t\t<div class=\"elementor-element elementor-element-c538133 elementor-widget__width-initial elementor-widget elementor-widget-shortcode\" data-id=\"c538133\" data-element_type=\"widget\" data-e-type=\"widget\" data-widget_type=\"shortcode.default\">\n\t\t\t\t<div class=\"elementor-widget-container\">\n\t\t\t\t\t\t\t<div class=\"elementor-shortcode\"><a href=\"https:\/\/www.uc.se\/risksigill2\/?showorg=556215-7254&language=swe&special=\" title=\"Sigillet \u00e4r utf\u00e4rdat av UC AB. Klicka p\u00e5 bilden f\u00f6r information om UC:s Riskklasser.\" target=\"_blank\"><img decoding=\"async\" src=\"https:\/\/www.uc.se\/ucsigill2\/sigill?org=556215-7254&language=swe&product=psa&special=&fontcolor=b&type=png\" alt=\"\" style=\"border:0;\"\/><\/a><\/div>\n\t\t\t\t\t\t<\/div>\n\t\t\t\t<\/div>\n\t\t\t\t\t<\/div>\n\t\t<\/div>\n\t\t\t\t\t<\/div>\n\t\t<\/section>\n\t\t\t\t<section class=\"elementor-section elementor-top-section elementor-element elementor-element-4a98f4f elementor-section-boxed elementor-section-height-default elementor-section-height-default\" data-id=\"4a98f4f\" data-element_type=\"section\" data-e-type=\"section\">\n\t\t\t\t\t\t<div class=\"elementor-container elementor-column-gap-default\">\n\t\t\t\t\t<div class=\"elementor-column elementor-col-100 elementor-top-column elementor-element elementor-element-16df6a9\" data-id=\"16df6a9\" data-element_type=\"column\" data-e-type=\"column\">\n\t\t\t<div class=\"elementor-widget-wrap\">\n\t\t\t\t\t\t\t<\/div>\n\t\t<\/div>\n\t\t\t\t\t<\/div>\n\t\t<\/section>\n\t\t\t\t<\/div>\n\t\t","protected":false},"excerpt":{"rendered":"<p>Approvals EMS Part 145 Approval download pdf EMS Capability List download pdf EMS Corporate commitments download pdf<\/p>\n","protected":false},"author":2,"featured_media":0,"parent":0,"menu_order":0,"comment_status":"closed","ping_status":"closed","template":"elementor_header_footer","meta":{"footnotes":""},"class_list":["post-158","page","type-page","status-publish","hentry","entry"],"yoast_head":"<!-- This site is optimized with the Yoast SEO plugin v26.6 - https:\/\/yoast.com\/wordpress\/plugins\/seo\/ -->\n<title>APPROVALS - European Maintenance Service<\/title>\n<meta name=\"robots\" content=\"index, follow, max-snippet:-1, max-image-preview:large, max-video-preview:-1\" \/>\n<link rel=\"canonical\" href=\"https:\/\/ems.aero\/index.php\/approvals\/\" \/>\n<meta property=\"og:locale\" content=\"sv_SE\" \/>\n<meta property=\"og:type\" content=\"article\" \/>\n<meta property=\"og:title\" content=\"APPROVALS - European Maintenance Service\" \/>\n<meta property=\"og:description\" content=\"Approvals EMS Part 145 Approval download pdf EMS Capability List download pdf EMS Corporate commitments download pdf\" \/>\n<meta property=\"og:url\" content=\"https:\/\/ems.aero\/index.php\/approvals\/\" \/>\n<meta property=\"og:site_name\" content=\"European Maintenance Service\" \/>\n<meta property=\"article:modified_time\" content=\"2025-09-16T17:01:36+00:00\" \/>\n<meta property=\"og:image\" content=\"https:\/\/ems.aero\/wp-content\/uploads\/2021\/05\/Textron-Service-Center.gif\" \/>\n\t<meta property=\"og:image:width\" content=\"400\" \/>\n\t<meta property=\"og:image:height\" content=\"427\" \/>\n\t<meta property=\"og:image:type\" content=\"image\/gif\" \/>\n<meta name=\"twitter:card\" content=\"summary_large_image\" \/>\n<meta name=\"twitter:label1\" content=\"Ber\u00e4knad l\u00e4stid\" \/>\n\t<meta name=\"twitter:data1\" content=\"1 minut\" \/>\n<script type=\"application\/ld+json\" class=\"yoast-schema-graph\">{\"@context\":\"https:\/\/schema.org\",\"@graph\":[{\"@type\":\"WebPage\",\"@id\":\"https:\/\/ems.aero\/index.php\/approvals\/\",\"url\":\"https:\/\/ems.aero\/index.php\/approvals\/\",\"name\":\"APPROVALS - European Maintenance Service\",\"isPartOf\":{\"@id\":\"https:\/\/ems.aero\/#website\"},\"primaryImageOfPage\":{\"@id\":\"https:\/\/ems.aero\/index.php\/approvals\/#primaryimage\"},\"image\":{\"@id\":\"https:\/\/ems.aero\/index.php\/approvals\/#primaryimage\"},\"thumbnailUrl\":\"https:\/\/ems.aero\/wp-content\/uploads\/2021\/05\/Textron-Service-Center.gif\",\"datePublished\":\"2021-04-06T19:52:40+00:00\",\"dateModified\":\"2025-09-16T17:01:36+00:00\",\"breadcrumb\":{\"@id\":\"https:\/\/ems.aero\/index.php\/approvals\/#breadcrumb\"},\"inLanguage\":\"sv-SE\",\"potentialAction\":[{\"@type\":\"ReadAction\",\"target\":[\"https:\/\/ems.aero\/index.php\/approvals\/\"]}]},{\"@type\":\"ImageObject\",\"inLanguage\":\"sv-SE\",\"@id\":\"https:\/\/ems.aero\/index.php\/approvals\/#primaryimage\",\"url\":\"https:\/\/ems.aero\/wp-content\/uploads\/2021\/05\/Textron-Service-Center.gif\",\"contentUrl\":\"https:\/\/ems.aero\/wp-content\/uploads\/2021\/05\/Textron-Service-Center.gif\",\"width\":400,\"height\":427},{\"@type\":\"BreadcrumbList\",\"@id\":\"https:\/\/ems.aero\/index.php\/approvals\/#breadcrumb\",\"itemListElement\":[{\"@type\":\"ListItem\",\"position\":1,\"name\":\"Home\",\"item\":\"https:\/\/ems.aero\/\"},{\"@type\":\"ListItem\",\"position\":2,\"name\":\"APPROVALS\"}]},{\"@type\":\"WebSite\",\"@id\":\"https:\/\/ems.aero\/#website\",\"url\":\"https:\/\/ems.aero\/\",\"name\":\"European Maintenance Service\",\"description\":\"\",\"publisher\":{\"@id\":\"https:\/\/ems.aero\/#organization\"},\"potentialAction\":[{\"@type\":\"SearchAction\",\"target\":{\"@type\":\"EntryPoint\",\"urlTemplate\":\"https:\/\/ems.aero\/?s={search_term_string}\"},\"query-input\":{\"@type\":\"PropertyValueSpecification\",\"valueRequired\":true,\"valueName\":\"search_term_string\"}}],\"inLanguage\":\"sv-SE\"},{\"@type\":\"Organization\",\"@id\":\"https:\/\/ems.aero\/#organization\",\"name\":\"European Maintenance Service\",\"url\":\"https:\/\/ems.aero\/\",\"logo\":{\"@type\":\"ImageObject\",\"inLanguage\":\"sv-SE\",\"@id\":\"https:\/\/ems.aero\/#\/schema\/logo\/image\/\",\"url\":\"https:\/\/ems.aero\/wp-content\/uploads\/2021\/04\/EMS_LOGO_SMALL.png\",\"contentUrl\":\"https:\/\/ems.aero\/wp-content\/uploads\/2021\/04\/EMS_LOGO_SMALL.png\",\"width\":2499,\"height\":738,\"caption\":\"European Maintenance Service\"},\"image\":{\"@id\":\"https:\/\/ems.aero\/#\/schema\/logo\/image\/\"}}]}<\/script>\n<!-- \/ Yoast SEO plugin. -->","yoast_head_json":{"title":"APPROVALS - European Maintenance Service","robots":{"index":"index","follow":"follow","max-snippet":"max-snippet:-1","max-image-preview":"max-image-preview:large","max-video-preview":"max-video-preview:-1"},"canonical":"https:\/\/ems.aero\/index.php\/approvals\/","og_locale":"sv_SE","og_type":"article","og_title":"APPROVALS - European Maintenance Service","og_description":"Approvals EMS Part 145 Approval download pdf EMS Capability List download pdf EMS Corporate commitments download pdf","og_url":"https:\/\/ems.aero\/index.php\/approvals\/","og_site_name":"European Maintenance Service","article_modified_time":"2025-09-16T17:01:36+00:00","og_image":[{"width":400,"height":427,"url":"https:\/\/ems.aero\/wp-content\/uploads\/2021\/05\/Textron-Service-Center.gif","type":"image\/gif"}],"twitter_card":"summary_large_image","twitter_misc":{"Ber\u00e4knad l\u00e4stid":"1 minut"},"schema":{"@context":"https:\/\/schema.org","@graph":[{"@type":"WebPage","@id":"https:\/\/ems.aero\/index.php\/approvals\/","url":"https:\/\/ems.aero\/index.php\/approvals\/","name":"APPROVALS - European Maintenance Service","isPartOf":{"@id":"https:\/\/ems.aero\/#website"},"primaryImageOfPage":{"@id":"https:\/\/ems.aero\/index.php\/approvals\/#primaryimage"},"image":{"@id":"https:\/\/ems.aero\/index.php\/approvals\/#primaryimage"},"thumbnailUrl":"https:\/\/ems.aero\/wp-content\/uploads\/2021\/05\/Textron-Service-Center.gif","datePublished":"2021-04-06T19:52:40+00:00","dateModified":"2025-09-16T17:01:36+00:00","breadcrumb":{"@id":"https:\/\/ems.aero\/index.php\/approvals\/#breadcrumb"},"inLanguage":"sv-SE","potentialAction":[{"@type":"ReadAction","target":["https:\/\/ems.aero\/index.php\/approvals\/"]}]},{"@type":"ImageObject","inLanguage":"sv-SE","@id":"https:\/\/ems.aero\/index.php\/approvals\/#primaryimage","url":"https:\/\/ems.aero\/wp-content\/uploads\/2021\/05\/Textron-Service-Center.gif","contentUrl":"https:\/\/ems.aero\/wp-content\/uploads\/2021\/05\/Textron-Service-Center.gif","width":400,"height":427},{"@type":"BreadcrumbList","@id":"https:\/\/ems.aero\/index.php\/approvals\/#breadcrumb","itemListElement":[{"@type":"ListItem","position":1,"name":"Home","item":"https:\/\/ems.aero\/"},{"@type":"ListItem","position":2,"name":"APPROVALS"}]},{"@type":"WebSite","@id":"https:\/\/ems.aero\/#website","url":"https:\/\/ems.aero\/","name":"European Maintenance Service","description":"","publisher":{"@id":"https:\/\/ems.aero\/#organization"},"potentialAction":[{"@type":"SearchAction","target":{"@type":"EntryPoint","urlTemplate":"https:\/\/ems.aero\/?s={search_term_string}"},"query-input":{"@type":"PropertyValueSpecification","valueRequired":true,"valueName":"search_term_string"}}],"inLanguage":"sv-SE"},{"@type":"Organization","@id":"https:\/\/ems.aero\/#organization","name":"European Maintenance Service","url":"https:\/\/ems.aero\/","logo":{"@type":"ImageObject","inLanguage":"sv-SE","@id":"https:\/\/ems.aero\/#\/schema\/logo\/image\/","url":"https:\/\/ems.aero\/wp-content\/uploads\/2021\/04\/EMS_LOGO_SMALL.png","contentUrl":"https:\/\/ems.aero\/wp-content\/uploads\/2021\/04\/EMS_LOGO_SMALL.png","width":2499,"height":738,"caption":"European Maintenance Service"},"image":{"@id":"https:\/\/ems.aero\/#\/schema\/logo\/image\/"}}]}},"_links":{"self":[{"href":"https:\/\/ems.aero\/index.php\/wp-json\/wp\/v2\/pages\/158","targetHints":{"allow":["GET"]}}],"collection":[{"href":"https:\/\/ems.aero\/index.php\/wp-json\/wp\/v2\/pages"}],"about":[{"href":"https:\/\/ems.aero\/index.php\/wp-json\/wp\/v2\/types\/page"}],"author":[{"embeddable":true,"href":"https:\/\/ems.aero\/index.php\/wp-json\/wp\/v2\/users\/2"}],"replies":[{"embeddable":true,"href":"https:\/\/ems.aero\/index.php\/wp-json\/wp\/v2\/comments?post=158"}],"version-history":[{"count":296,"href":"https:\/\/ems.aero\/index.php\/wp-json\/wp\/v2\/pages\/158\/revisions"}],"predecessor-version":[{"id":1716,"href":"https:\/\/ems.aero\/index.php\/wp-json\/wp\/v2\/pages\/158\/revisions\/1716"}],"wp:attachment":[{"href":"https:\/\/ems.aero\/index.php\/wp-json\/wp\/v2\/media?parent=158"}],"curies":[{"name":"wp","href":"https:\/\/api.w.org\/{rel}","templated":true}]}}